{"id":2285,"date":"2024-10-12T14:52:36","date_gmt":"2024-10-12T14:52:36","guid":{"rendered":"https:\/\/stagingfactory.pt\/site\/?page_id=2285"},"modified":"2024-10-16T12:20:02","modified_gmt":"2024-10-16T12:20:02","slug":"press","status":"publish","type":"page","link":"https:\/\/stagingfactory.pt\/site\/press\/","title":{"rendered":"Press"},"content":{"rendered":"\t\t<div data-elementor-type=\"wp-page\" data-elementor-id=\"2285\" class=\"elementor elementor-2285\" data-elementor-post-type=\"page\">\n\t\t\t\t<div class=\"elementor-element elementor-element-5498bd9 e-flex e-con-boxed wpr-particle-no wpr-jarallax-no wpr-parallax-no wpr-sticky-section-no e-con e-parent\" data-id=\"5498bd9\" data-element_type=\"container\" data-e-type=\"container\">\n\t\t\t\t\t<div class=\"e-con-inner\">\n\t\t<div class=\"elementor-element elementor-element-0596f70 e-con-full animated-slow e-flex wpr-particle-no wpr-jarallax-no wpr-parallax-no wpr-sticky-section-no elementor-invisible e-con e-child\" data-id=\"0596f70\" data-element_type=\"container\" data-e-type=\"container\" data-settings=\"{&quot;animation&quot;:&quot;fadeInUp&quot;}\">\n\t\t\t\t<div class=\"elementor-element elementor-element-5fe343f elementor-widget elementor-widget-text-editor\" data-id=\"5fe343f\" data-element_type=\"widget\" data-e-type=\"widget\" data-widget_type=\"text-editor.default\">\n\t\t\t\t<div class=\"elementor-widget-container\">\n\t\t\t\t\t\t\t\t\t<p>Creating Value<\/p>\t\t\t\t\t\t\t\t<\/div>\n\t\t\t\t<\/div>\n\t\t\t\t<div class=\"elementor-element elementor-element-35d889a elementor-widget elementor-widget-heading\" data-id=\"35d889a\" data-element_type=\"widget\" data-e-type=\"widget\" data-widget_type=\"heading.default\">\n\t\t\t\t<div class=\"elementor-widget-container\">\n\t\t\t\t\t<h1 class=\"elementor-heading-title elementor-size-default\">Press<\/h1>\t\t\t\t<\/div>\n\t\t\t\t<\/div>\n\t\t\t\t<\/div>\n\t\t<div class=\"elementor-element elementor-element-27b3733 e-con-full animated-slow e-flex wpr-particle-no wpr-jarallax-no wpr-parallax-no wpr-sticky-section-no elementor-invisible e-con e-child\" data-id=\"27b3733\" data-element_type=\"container\" data-e-type=\"container\" data-settings=\"{&quot;animation&quot;:&quot;fadeInUp&quot;,&quot;animation_delay&quot;:200}\">\n\t\t\t\t<\/div>\n\t\t\t\t\t<\/div>\n\t\t\t\t<\/div>\n\t\t<div class=\"elementor-element elementor-element-6fa9828 animated-slow e-flex e-con-boxed wpr-particle-no wpr-jarallax-no wpr-parallax-no wpr-sticky-section-no elementor-invisible e-con e-parent\" data-id=\"6fa9828\" data-element_type=\"container\" data-e-type=\"container\" data-settings=\"{&quot;animation&quot;:&quot;fadeIn&quot;,&quot;animation_delay&quot;:400}\">\n\t\t\t\t\t<div class=\"e-con-inner\">\n\t\t\t\t<div class=\"elementor-element elementor-element-95421ec elementor-posts__hover-none elementor-grid-3 elementor-grid-tablet-2 elementor-grid-mobile-1 elementor-posts--thumbnail-top elementor-card-shadow-yes elementor-widget elementor-widget-posts\" data-id=\"95421ec\" data-element_type=\"widget\" data-e-type=\"widget\" data-settings=\"{&quot;cards_columns&quot;:&quot;3&quot;,&quot;cards_columns_tablet&quot;:&quot;2&quot;,&quot;cards_columns_mobile&quot;:&quot;1&quot;,&quot;cards_row_gap&quot;:{&quot;unit&quot;:&quot;px&quot;,&quot;size&quot;:35,&quot;sizes&quot;:[]},&quot;cards_row_gap_tablet&quot;:{&quot;unit&quot;:&quot;px&quot;,&quot;size&quot;:&quot;&quot;,&quot;sizes&quot;:[]},&quot;cards_row_gap_mobile&quot;:{&quot;unit&quot;:&quot;px&quot;,&quot;size&quot;:&quot;&quot;,&quot;sizes&quot;:[]}}\" data-widget_type=\"posts.cards\">\n\t\t\t\t<div class=\"elementor-widget-container\">\n\t\t\t\t\t\t\t<div class=\"elementor-posts-container elementor-posts elementor-posts--skin-cards elementor-grid\" role=\"list\">\n\t\t\t\t<article class=\"elementor-post elementor-grid-item post-2293 post type-post status-publish format-standard has-post-thumbnail hentry category-press\" role=\"listitem\">\n\t\t\t<div class=\"elementor-post__card\">\n\t\t\t\t<a class=\"elementor-post__thumbnail__link\" href=\"https:\/\/stagingfactory.pt\/site\/sic-caras-posso-entrar\/\" tabindex=\"-1\" ><div class=\"elementor-post__thumbnail\"><img fetchpriority=\"high\" decoding=\"async\" width=\"300\" height=\"200\" src=\"https:\/\/stagingfactory.pt\/site\/wp-content\/uploads\/2024\/10\/35_Staging_Factory_Posso_Entrar_2021-2048x1365-1-300x200.jpg\" class=\"attachment-medium size-medium wp-image-2294\" alt=\"\" srcset=\"https:\/\/stagingfactory.pt\/site\/wp-content\/uploads\/2024\/10\/35_Staging_Factory_Posso_Entrar_2021-2048x1365-1-300x200.jpg 300w, https:\/\/stagingfactory.pt\/site\/wp-content\/uploads\/2024\/10\/35_Staging_Factory_Posso_Entrar_2021-2048x1365-1-1024x683.jpg 1024w, https:\/\/stagingfactory.pt\/site\/wp-content\/uploads\/2024\/10\/35_Staging_Factory_Posso_Entrar_2021-2048x1365-1-768x512.jpg 768w, https:\/\/stagingfactory.pt\/site\/wp-content\/uploads\/2024\/10\/35_Staging_Factory_Posso_Entrar_2021-2048x1365-1-1536x1024.jpg 1536w, https:\/\/stagingfactory.pt\/site\/wp-content\/uploads\/2024\/10\/35_Staging_Factory_Posso_Entrar_2021-2048x1365-1.jpg 2048w\" sizes=\"(max-width: 300px) 100vw, 300px\" \/><\/div><\/a>\n\t\t\t\t<div class=\"elementor-post__text\">\n\t\t\t\t<h3 class=\"elementor-post__title\">\n\t\t\t<a href=\"https:\/\/stagingfactory.pt\/site\/sic-caras-posso-entrar\/\" >\n\t\t\t\tSic Caras &#8211; Posso entrar?\t\t\t<\/a>\n\t\t<\/h3>\n\t\t\t\t<div class=\"elementor-post__excerpt\">\n\t\t\t<p>O programa \u201cPosso Entrar?\u201d veio ao nosso encontro para ver de perto as melhores solu\u00e7\u00f5es e conselhos sobre como executar\t\t<\/div>\n\t\t\t\t<\/div>\n\t\t\t\t<div class=\"elementor-post__meta-data\">\n\t\t\t\t\t<span class=\"elementor-post-date\">\n\t\t\tJaneiro 3, 2023\t\t<\/span>\n\t\t\t\t<\/div>\n\t\t\t\t\t<\/div>\n\t\t<\/article>\n\t\t\t\t<article class=\"elementor-post elementor-grid-item post-2370 post type-post status-publish format-standard has-post-thumbnail hentry category-press\" role=\"listitem\">\n\t\t\t<div class=\"elementor-post__card\">\n\t\t\t\t<a class=\"elementor-post__thumbnail__link\" href=\"https:\/\/stagingfactory.pt\/site\/a-arte-de-potenciar-o-sonho\/\" tabindex=\"-1\" ><div class=\"elementor-post__thumbnail\"><img decoding=\"async\" width=\"300\" height=\"200\" src=\"https:\/\/stagingfactory.pt\/site\/wp-content\/uploads\/2024\/10\/arte-potenciar-sonho-300x200.jpg\" class=\"attachment-medium size-medium wp-image-2371\" alt=\"\" srcset=\"https:\/\/stagingfactory.pt\/site\/wp-content\/uploads\/2024\/10\/arte-potenciar-sonho-300x200.jpg 300w, https:\/\/stagingfactory.pt\/site\/wp-content\/uploads\/2024\/10\/arte-potenciar-sonho-1024x683.jpg 1024w, https:\/\/stagingfactory.pt\/site\/wp-content\/uploads\/2024\/10\/arte-potenciar-sonho-768x512.jpg 768w, https:\/\/stagingfactory.pt\/site\/wp-content\/uploads\/2024\/10\/arte-potenciar-sonho-1536x1024.jpg 1536w, https:\/\/stagingfactory.pt\/site\/wp-content\/uploads\/2024\/10\/arte-potenciar-sonho.jpg 2048w\" sizes=\"(max-width: 300px) 100vw, 300px\" \/><\/div><\/a>\n\t\t\t\t<div class=\"elementor-post__text\">\n\t\t\t\t<h3 class=\"elementor-post__title\">\n\t\t\t<a href=\"https:\/\/stagingfactory.pt\/site\/a-arte-de-potenciar-o-sonho\/\" >\n\t\t\t\tA arte de potenciar o sonho\t\t\t<\/a>\n\t\t<\/h3>\n\t\t\t\t<div class=\"elementor-post__excerpt\">\n\t\t\t<p>Home Staging Factory introduziu novas doses de criatividade e inova\u00e7\u00e3o ao mercado imobili\u00e1rio portugu\u00eas&#8230;.<\/p>\t\t<\/div>\n\t\t\t\t<\/div>\n\t\t\t\t<div class=\"elementor-post__meta-data\">\n\t\t\t\t\t<span class=\"elementor-post-date\">\n\t\t\tAbril 27, 2022\t\t<\/span>\n\t\t\t\t<\/div>\n\t\t\t\t\t<\/div>\n\t\t<\/article>\n\t\t\t\t<article class=\"elementor-post elementor-grid-item post-2327 post type-post status-publish format-standard has-post-thumbnail hentry category-press\" role=\"listitem\">\n\t\t\t<div class=\"elementor-post__card\">\n\t\t\t\t<a class=\"elementor-post__thumbnail__link\" href=\"https:\/\/stagingfactory.pt\/site\/alojamento-local-depois-da-euforia\/\" tabindex=\"-1\" ><div class=\"elementor-post__thumbnail\"><img decoding=\"async\" width=\"300\" height=\"200\" src=\"https:\/\/stagingfactory.pt\/site\/wp-content\/uploads\/2024\/10\/cover-alojamento-local-300x200.jpg\" class=\"attachment-medium size-medium wp-image-2328\" alt=\"\" srcset=\"https:\/\/stagingfactory.pt\/site\/wp-content\/uploads\/2024\/10\/cover-alojamento-local-300x200.jpg 300w, https:\/\/stagingfactory.pt\/site\/wp-content\/uploads\/2024\/10\/cover-alojamento-local-1024x683.jpg 1024w, https:\/\/stagingfactory.pt\/site\/wp-content\/uploads\/2024\/10\/cover-alojamento-local-768x512.jpg 768w, https:\/\/stagingfactory.pt\/site\/wp-content\/uploads\/2024\/10\/cover-alojamento-local-1536x1024.jpg 1536w, https:\/\/stagingfactory.pt\/site\/wp-content\/uploads\/2024\/10\/cover-alojamento-local.jpg 2048w\" sizes=\"(max-width: 300px) 100vw, 300px\" \/><\/div><\/a>\n\t\t\t\t<div class=\"elementor-post__text\">\n\t\t\t\t<h3 class=\"elementor-post__title\">\n\t\t\t<a href=\"https:\/\/stagingfactory.pt\/site\/alojamento-local-depois-da-euforia\/\" >\n\t\t\t\tAlojamento local depois da euforia\t\t\t<\/a>\n\t\t<\/h3>\n\t\t\t\t<div class=\"elementor-post__excerpt\">\n\t\t\t<p>Foi o principal respons\u00e1vel pela maior regenera\u00e7\u00e3o urban\u00edstica das \u00faltimas d\u00e9cadas nos centros hist\u00f3ricos de Lisboa e do Porto mas,\t\t<\/div>\n\t\t\t\t<\/div>\n\t\t\t\t<div class=\"elementor-post__meta-data\">\n\t\t\t\t\t<span class=\"elementor-post-date\">\n\t\t\tAbril 27, 2022\t\t<\/span>\n\t\t\t\t<\/div>\n\t\t\t\t\t<\/div>\n\t\t<\/article>\n\t\t\t\t<article class=\"elementor-post elementor-grid-item post-2558 post type-post status-publish format-standard has-post-thumbnail hentry category-press\" role=\"listitem\">\n\t\t\t<div class=\"elementor-post__card\">\n\t\t\t\t<a class=\"elementor-post__thumbnail__link\" href=\"https:\/\/stagingfactory.pt\/site\/espacos-e-casas\/\" tabindex=\"-1\" ><div class=\"elementor-post__thumbnail\"><img loading=\"lazy\" decoding=\"async\" width=\"300\" height=\"200\" src=\"https:\/\/stagingfactory.pt\/site\/wp-content\/uploads\/2024\/10\/espacos-e-casas-300x200.jpg\" class=\"attachment-medium size-medium wp-image-2559\" alt=\"\" srcset=\"https:\/\/stagingfactory.pt\/site\/wp-content\/uploads\/2024\/10\/espacos-e-casas-300x200.jpg 300w, https:\/\/stagingfactory.pt\/site\/wp-content\/uploads\/2024\/10\/espacos-e-casas-1024x683.jpg 1024w, https:\/\/stagingfactory.pt\/site\/wp-content\/uploads\/2024\/10\/espacos-e-casas-768x512.jpg 768w, https:\/\/stagingfactory.pt\/site\/wp-content\/uploads\/2024\/10\/espacos-e-casas-1536x1024.jpg 1536w, https:\/\/stagingfactory.pt\/site\/wp-content\/uploads\/2024\/10\/espacos-e-casas.jpg 2048w\" sizes=\"(max-width: 300px) 100vw, 300px\" \/><\/div><\/a>\n\t\t\t\t<div class=\"elementor-post__text\">\n\t\t\t\t<h3 class=\"elementor-post__title\">\n\t\t\t<a href=\"https:\/\/stagingfactory.pt\/site\/espacos-e-casas\/\" >\n\t\t\t\tEspa\u00e7os e Casas &#8211; Troia Resort\t\t\t<\/a>\n\t\t<\/h3>\n\t\t\t\t<div class=\"elementor-post__excerpt\">\n\t\t\t<p>Uma casa no TroiaResort onde \u00e9 poss\u00edvel aproveitar ao m\u00e1ximo toda a natureza envolvente.<\/p>\t\t<\/div>\n\t\t\t\t<\/div>\n\t\t\t\t<div class=\"elementor-post__meta-data\">\n\t\t\t\t\t<span class=\"elementor-post-date\">\n\t\t\tJaneiro 11, 2019\t\t<\/span>\n\t\t\t\t<\/div>\n\t\t\t\t\t<\/div>\n\t\t<\/article>\n\t\t\t\t<article class=\"elementor-post elementor-grid-item post-2387 post type-post status-publish format-standard has-post-thumbnail hentry category-press\" role=\"listitem\">\n\t\t\t<div class=\"elementor-post__card\">\n\t\t\t\t<a class=\"elementor-post__thumbnail__link\" href=\"https:\/\/stagingfactory.pt\/site\/as-vantagens-do-home-staging\/\" tabindex=\"-1\" ><div class=\"elementor-post__thumbnail\"><img loading=\"lazy\" decoding=\"async\" width=\"300\" height=\"188\" src=\"https:\/\/stagingfactory.pt\/site\/wp-content\/uploads\/2024\/10\/catarina-300x188.jpg\" class=\"attachment-medium size-medium wp-image-2388\" alt=\"\" srcset=\"https:\/\/stagingfactory.pt\/site\/wp-content\/uploads\/2024\/10\/catarina-300x188.jpg 300w, https:\/\/stagingfactory.pt\/site\/wp-content\/uploads\/2024\/10\/catarina.jpg 640w\" sizes=\"(max-width: 300px) 100vw, 300px\" \/><\/div><\/a>\n\t\t\t\t<div class=\"elementor-post__text\">\n\t\t\t\t<h3 class=\"elementor-post__title\">\n\t\t\t<a href=\"https:\/\/stagingfactory.pt\/site\/as-vantagens-do-home-staging\/\" >\n\t\t\t\tAs vantagens do Home Staging\t\t\t<\/a>\n\t\t<\/h3>\n\t\t\t\t<div class=\"elementor-post__excerpt\">\n\t\t\t<p>Home Staging Factory introduziu novas doses de criatividade e inova\u00e7\u00e3o ao mercado imobili\u00e1rio portugu\u00eas&#8230;.<\/p>\t\t<\/div>\n\t\t\t\t<\/div>\n\t\t\t\t<div class=\"elementor-post__meta-data\">\n\t\t\t\t\t<span class=\"elementor-post-date\">\n\t\t\tNovembro 11, 2017\t\t<\/span>\n\t\t\t\t<\/div>\n\t\t\t\t\t<\/div>\n\t\t<\/article>\n\t\t\t\t<\/div>\n\t\t\n\t\t\t\t\t\t<\/div>\n\t\t\t\t<\/div>\n\t\t\t\t\t<\/div>\n\t\t\t\t<\/div>\n\t\t\t\t<\/div>\n\t\t","protected":false},"excerpt":{"rendered":"<p>Creating Value Press<\/p>\n","protected":false},"author":1,"featured_media":0,"parent":0,"menu_order":0,"comment_status":"closed","ping_status":"closed","template":"","meta":{"footnotes":""},"class_list":["post-2285","page","type-page","status-publish","hentry"],"yoast_head":"<!-- This site is optimized with the Yoast SEO plugin v26.9 - https:\/\/yoast.com\/product\/yoast-seo-wordpress\/ -->\n<title>Press | Staging Factory<\/title>\n<meta name=\"description\" content=\"Conhe\u00e7a melhor o percurso da Staging Factory atrav\u00e9s na nossa \u00e1rea de Press. Pode ver alguns dos projectos mais relevantes e tamb\u00e9m dicas sobre como obter maior rentabilidade dos im\u00f3veis.\" \/>\n<meta name=\"robots\" content=\"index, follow, max-snippet:-1, max-image-preview:large, max-video-preview:-1\" \/>\n<link rel=\"canonical\" href=\"https:\/\/stagingfactory.pt\/site\/press\/\" \/>\n<meta property=\"og:locale\" content=\"pt_PT\" \/>\n<meta property=\"og:type\" content=\"article\" \/>\n<meta property=\"og:title\" content=\"Press | Staging Factory\" \/>\n<meta property=\"og:description\" content=\"Conhe\u00e7a melhor o percurso da Staging Factory atrav\u00e9s na nossa \u00e1rea de Press. Pode ver alguns dos projectos mais relevantes e tamb\u00e9m dicas sobre como obter maior rentabilidade dos im\u00f3veis.\" \/>\n<meta property=\"og:url\" content=\"https:\/\/stagingfactory.pt\/site\/press\/\" \/>\n<meta property=\"og:site_name\" content=\"Staging Factory\" \/>\n<meta property=\"article:publisher\" content=\"https:\/\/www.facebook.com\/StagingFactory\" \/>\n<meta property=\"article:modified_time\" content=\"2024-10-16T12:20:02+00:00\" \/>\n<meta name=\"twitter:card\" content=\"summary_large_image\" \/>\n<meta name=\"twitter:label1\" content=\"Tempo estimado de leitura\" \/>\n\t<meta name=\"twitter:data1\" content=\"1 minuto\" \/>\n<script type=\"application\/ld+json\" class=\"yoast-schema-graph\">{\"@context\":\"https:\/\/schema.org\",\"@graph\":[{\"@type\":\"WebPage\",\"@id\":\"https:\/\/stagingfactory.pt\/site\/press\/\",\"url\":\"https:\/\/stagingfactory.pt\/site\/press\/\",\"name\":\"Press | Staging Factory\",\"isPartOf\":{\"@id\":\"https:\/\/stagingfactory.pt\/site\/#website\"},\"datePublished\":\"2024-10-12T14:52:36+00:00\",\"dateModified\":\"2024-10-16T12:20:02+00:00\",\"description\":\"Conhe\u00e7a melhor o percurso da Staging Factory atrav\u00e9s na nossa \u00e1rea de Press. Pode ver alguns dos projectos mais relevantes e tamb\u00e9m dicas sobre como obter maior rentabilidade dos im\u00f3veis.\",\"breadcrumb\":{\"@id\":\"https:\/\/stagingfactory.pt\/site\/press\/#breadcrumb\"},\"inLanguage\":\"pt-PT\",\"potentialAction\":[{\"@type\":\"ReadAction\",\"target\":[\"https:\/\/stagingfactory.pt\/site\/press\/\"]}]},{\"@type\":\"BreadcrumbList\",\"@id\":\"https:\/\/stagingfactory.pt\/site\/press\/#breadcrumb\",\"itemListElement\":[{\"@type\":\"ListItem\",\"position\":1,\"name\":\"In\u00edcio\",\"item\":\"https:\/\/stagingfactory.pt\/site\/\"},{\"@type\":\"ListItem\",\"position\":2,\"name\":\"Press\"}]},{\"@type\":\"WebSite\",\"@id\":\"https:\/\/stagingfactory.pt\/site\/#website\",\"url\":\"https:\/\/stagingfactory.pt\/site\/\",\"name\":\"Staging Factory\",\"description\":\"From space to value\",\"publisher\":{\"@id\":\"https:\/\/stagingfactory.pt\/site\/#organization\"},\"potentialAction\":[{\"@type\":\"SearchAction\",\"target\":{\"@type\":\"EntryPoint\",\"urlTemplate\":\"https:\/\/stagingfactory.pt\/site\/?s={search_term_string}\"},\"query-input\":{\"@type\":\"PropertyValueSpecification\",\"valueRequired\":true,\"valueName\":\"search_term_string\"}}],\"inLanguage\":\"pt-PT\"},{\"@type\":\"Organization\",\"@id\":\"https:\/\/stagingfactory.pt\/site\/#organization\",\"name\":\"Staging Factory\",\"url\":\"https:\/\/stagingfactory.pt\/site\/\",\"logo\":{\"@type\":\"ImageObject\",\"inLanguage\":\"pt-PT\",\"@id\":\"https:\/\/stagingfactory.pt\/site\/#\/schema\/logo\/image\/\",\"url\":\"https:\/\/stagingfactory.pt\/site\/wp-content\/uploads\/2024\/10\/logo-sf.svg\",\"contentUrl\":\"https:\/\/stagingfactory.pt\/site\/wp-content\/uploads\/2024\/10\/logo-sf.svg\",\"width\":349,\"height\":92,\"caption\":\"Staging Factory\"},\"image\":{\"@id\":\"https:\/\/stagingfactory.pt\/site\/#\/schema\/logo\/image\/\"},\"sameAs\":[\"https:\/\/www.facebook.com\/StagingFactory\",\"https:\/\/pt.pinterest.com\/stagingfactory\/\",\"https:\/\/pt.linkedin.com\/company\/staging-factory\",\"https:\/\/www.youtube.com\/@StagingFactoryVideos\",\"https:\/\/www.instagram.com\/stagingfactory\/\"]}]}<\/script>\n<!-- \/ Yoast SEO plugin. -->","yoast_head_json":{"title":"Press | Staging Factory","description":"Conhe\u00e7a melhor o percurso da Staging Factory atrav\u00e9s na nossa \u00e1rea de Press. Pode ver alguns dos projectos mais relevantes e tamb\u00e9m dicas sobre como obter maior rentabilidade dos im\u00f3veis.","robots":{"index":"index","follow":"follow","max-snippet":"max-snippet:-1","max-image-preview":"max-image-preview:large","max-video-preview":"max-video-preview:-1"},"canonical":"https:\/\/stagingfactory.pt\/site\/press\/","og_locale":"pt_PT","og_type":"article","og_title":"Press | Staging Factory","og_description":"Conhe\u00e7a melhor o percurso da Staging Factory atrav\u00e9s na nossa \u00e1rea de Press. Pode ver alguns dos projectos mais relevantes e tamb\u00e9m dicas sobre como obter maior rentabilidade dos im\u00f3veis.","og_url":"https:\/\/stagingfactory.pt\/site\/press\/","og_site_name":"Staging Factory","article_publisher":"https:\/\/www.facebook.com\/StagingFactory","article_modified_time":"2024-10-16T12:20:02+00:00","twitter_card":"summary_large_image","twitter_misc":{"Tempo estimado de leitura":"1 minuto"},"schema":{"@context":"https:\/\/schema.org","@graph":[{"@type":"WebPage","@id":"https:\/\/stagingfactory.pt\/site\/press\/","url":"https:\/\/stagingfactory.pt\/site\/press\/","name":"Press | Staging Factory","isPartOf":{"@id":"https:\/\/stagingfactory.pt\/site\/#website"},"datePublished":"2024-10-12T14:52:36+00:00","dateModified":"2024-10-16T12:20:02+00:00","description":"Conhe\u00e7a melhor o percurso da Staging Factory atrav\u00e9s na nossa \u00e1rea de Press. Pode ver alguns dos projectos mais relevantes e tamb\u00e9m dicas sobre como obter maior rentabilidade dos im\u00f3veis.","breadcrumb":{"@id":"https:\/\/stagingfactory.pt\/site\/press\/#breadcrumb"},"inLanguage":"pt-PT","potentialAction":[{"@type":"ReadAction","target":["https:\/\/stagingfactory.pt\/site\/press\/"]}]},{"@type":"BreadcrumbList","@id":"https:\/\/stagingfactory.pt\/site\/press\/#breadcrumb","itemListElement":[{"@type":"ListItem","position":1,"name":"In\u00edcio","item":"https:\/\/stagingfactory.pt\/site\/"},{"@type":"ListItem","position":2,"name":"Press"}]},{"@type":"WebSite","@id":"https:\/\/stagingfactory.pt\/site\/#website","url":"https:\/\/stagingfactory.pt\/site\/","name":"Staging Factory","description":"From space to value","publisher":{"@id":"https:\/\/stagingfactory.pt\/site\/#organization"},"potentialAction":[{"@type":"SearchAction","target":{"@type":"EntryPoint","urlTemplate":"https:\/\/stagingfactory.pt\/site\/?s={search_term_string}"},"query-input":{"@type":"PropertyValueSpecification","valueRequired":true,"valueName":"search_term_string"}}],"inLanguage":"pt-PT"},{"@type":"Organization","@id":"https:\/\/stagingfactory.pt\/site\/#organization","name":"Staging Factory","url":"https:\/\/stagingfactory.pt\/site\/","logo":{"@type":"ImageObject","inLanguage":"pt-PT","@id":"https:\/\/stagingfactory.pt\/site\/#\/schema\/logo\/image\/","url":"https:\/\/stagingfactory.pt\/site\/wp-content\/uploads\/2024\/10\/logo-sf.svg","contentUrl":"https:\/\/stagingfactory.pt\/site\/wp-content\/uploads\/2024\/10\/logo-sf.svg","width":349,"height":92,"caption":"Staging Factory"},"image":{"@id":"https:\/\/stagingfactory.pt\/site\/#\/schema\/logo\/image\/"},"sameAs":["https:\/\/www.facebook.com\/StagingFactory","https:\/\/pt.pinterest.com\/stagingfactory\/","https:\/\/pt.linkedin.com\/company\/staging-factory","https:\/\/www.youtube.com\/@StagingFactoryVideos","https:\/\/www.instagram.com\/stagingfactory\/"]}]}},"_links":{"self":[{"href":"https:\/\/stagingfactory.pt\/site\/wp-json\/wp\/v2\/pages\/2285","targetHints":{"allow":["GET"]}}],"collection":[{"href":"https:\/\/stagingfactory.pt\/site\/wp-json\/wp\/v2\/pages"}],"about":[{"href":"https:\/\/stagingfactory.pt\/site\/wp-json\/wp\/v2\/types\/page"}],"author":[{"embeddable":true,"href":"https:\/\/stagingfactory.pt\/site\/wp-json\/wp\/v2\/users\/1"}],"replies":[{"embeddable":true,"href":"https:\/\/stagingfactory.pt\/site\/wp-json\/wp\/v2\/comments?post=2285"}],"version-history":[{"count":21,"href":"https:\/\/stagingfactory.pt\/site\/wp-json\/wp\/v2\/pages\/2285\/revisions"}],"predecessor-version":[{"id":5962,"href":"https:\/\/stagingfactory.pt\/site\/wp-json\/wp\/v2\/pages\/2285\/revisions\/5962"}],"wp:attachment":[{"href":"https:\/\/stagingfactory.pt\/site\/wp-json\/wp\/v2\/media?parent=2285"}],"curies":[{"name":"wp","href":"https:\/\/api.w.org\/{rel}","templated":true}]}}